{"id":2674,"date":"2025-03-14T10:18:31","date_gmt":"2025-03-14T10:18:31","guid":{"rendered":"https:\/\/www.kraps.de\/pie-de-imprenta\/"},"modified":"2025-08-07T12:42:47","modified_gmt":"2025-08-07T12:42:47","slug":"pie-de-imprenta","status":"publish","type":"page","link":"https:\/\/www.kraps.de\/es\/pie-de-imprenta\/","title":{"rendered":"Pie de imprenta"},"content":{"rendered":"<p>Informaci\u00f3n seg\u00fan \u00a7 5 TMG:<\/p>\n<p>Kraps Montagen, Rohr-, Stahl- und Kesselbau GmbH<br \/>\nGehrstra\u00dfe 15<br \/>\n46562 Voerde<br \/>\nAlemania<\/p>\n<p>Representados por:<br \/>\nAlexander Kraps, Constantin Zimmek, Valerie Zimmek<\/p>\n<p><strong>Contacto<\/strong><br \/>\nTel\u00e9fono: +49 (0) 281 4422 0<br \/>\nFax: +49 (0) 281 467 41<br \/>\nCorreo electr\u00f3nico: <a href=\"mailto:info@kraps.de\" target=\"_blank\" rel=\"noopener noreferrer\">info@kraps.de<\/a><\/p>\n<p><strong>Inscripci\u00f3n<\/strong> en el registro<br \/>\nInscripci\u00f3n en el registro mercantil<br \/>\nTribunal del registro: AG Duisburg<br \/>\nN\u00famero de registro: 8 HRB 9654<\/p>\n<p>N\u00famero de identificaci\u00f3n fiscal: 101\/5810\/0296<\/p>\n<p>Concepto, dise\u00f1o y programaci\u00f3n: flame GmbH, M\u00fanich <a href=\"https:\/\/www.hello-flame.com\/\" target=\"_blank\" rel=\"noopener noreferrer\">www.hello-flame.com<\/a><\/p>\n<p><strong>Descargo de responsabilidad<\/strong><br \/>\nEl contenido de nuestro sitio web ha sido creado con el m\u00e1ximo cuidado. Sin embargo, no podemos asumir ninguna responsabilidad por la exactitud, integridad y actualidad del contenido. Como proveedor de servicios, somos responsables de nuestro propio contenido en estas p\u00e1ginas de acuerdo con el \u00a7 7 p\u00e1rrafo 1 de la TMG (Ley alemana de Telemedia) y las leyes generales. Sin embargo, seg\u00fan los \u00a7\u00a7 8 a 10 de la TMG, como proveedor de servicios no estamos obligados a controlar la informaci\u00f3n de terceros transmitida o almacenada, ni a investigar circunstancias que indiquen una actividad ilegal. Esto no afecta a las obligaciones de eliminar o bloquear el uso de informaci\u00f3n de acuerdo con la legislaci\u00f3n general. Sin embargo, la responsabilidad a este respecto s\u00f3lo es posible a partir del momento en que se tiene conocimiento de una infracci\u00f3n concreta. Tan pronto como tengamos conocimiento de tales infracciones, eliminaremos este contenido inmediatamente.       <\/p>\n<p><strong>Responsabilidad de los enlaces<\/strong><br \/>\nNuestro sitio web contiene enlaces a sitios web externos de terceros sobre cuyo contenido no tenemos ninguna influencia. Por lo tanto, no podemos aceptar ninguna responsabilidad por este contenido de terceros. El respectivo proveedor u operador de las p\u00e1ginas es siempre responsable del contenido de las p\u00e1ginas enlazadas. Las p\u00e1ginas enlazadas se comprobaron en el momento de enlazarlas para detectar posibles infracciones legales. No se reconocieron contenidos ilegales en el momento de establecer el enlace. Sin embargo, la supervisi\u00f3n permanente del contenido de las p\u00e1ginas enlazadas no es razonable sin pruebas concretas de una infracci\u00f3n. Si tenemos conocimiento de alguna infracci\u00f3n legal, eliminaremos dichos enlaces inmediatamente.      <\/p>\n<p><strong>Copyright<\/strong><br \/>\nEl contenido y las obras creadas por los operadores del sitio en estas p\u00e1ginas est\u00e1n sujetos a la legislaci\u00f3n alemana sobre derechos de autor. La reproducci\u00f3n, edici\u00f3n, distribuci\u00f3n y cualquier tipo de utilizaci\u00f3n fuera de los l\u00edmites de la ley de derechos de autor requieren el consentimiento por escrito del respectivo autor o creador. Las descargas y copias de este sitio s\u00f3lo est\u00e1n permitidas para uso privado y no comercial. En la medida en que el contenido de este sitio no haya sido creado por el operador, se respetan los derechos de autor de terceros. En particular, el contenido de terceros est\u00e1 etiquetado como tal. No obstante, si tuvieras conocimiento de una infracci\u00f3n de los derechos de autor, te rogamos que nos lo comuniques. Si tenemos conocimiento de alguna infracci\u00f3n, eliminaremos dicho contenido inmediatamente.      <\/p>\n","protected":false},"excerpt":{"rendered":"<p>Informaci\u00f3n seg\u00fan \u00a7 5 TMG: Kraps Montagen, Rohr-, Stahl- und  [&#8230;]<\/p>\n","protected":false},"author":1,"featured_media":0,"parent":0,"menu_order":0,"comment_status":"closed","ping_status":"closed","template":"","meta":{"_acf_changed":false,"footnotes":""},"class_list":["post-2674","page","type-page","status-publish","hentry"],"acf":[],"_links":{"self":[{"href":"https:\/\/www.kraps.de\/es\/wp-json\/wp\/v2\/pages\/2674","targetHints":{"allow":["GET"]}}],"collection":[{"href":"https:\/\/www.kraps.de\/es\/wp-json\/wp\/v2\/pages"}],"about":[{"href":"https:\/\/www.kraps.de\/es\/wp-json\/wp\/v2\/types\/page"}],"author":[{"embeddable":true,"href":"https:\/\/www.kraps.de\/es\/wp-json\/wp\/v2\/users\/1"}],"replies":[{"embeddable":true,"href":"https:\/\/www.kraps.de\/es\/wp-json\/wp\/v2\/comments?post=2674"}],"version-history":[{"count":0,"href":"https:\/\/www.kraps.de\/es\/wp-json\/wp\/v2\/pages\/2674\/revisions"}],"wp:attachment":[{"href":"https:\/\/www.kraps.de\/es\/wp-json\/wp\/v2\/media?parent=2674"}],"curies":[{"name":"wp","href":"https:\/\/api.w.org\/{rel}","templated":true}]}}