{"id":2668,"date":"2025-03-14T10:18:31","date_gmt":"2025-03-14T10:18:31","guid":{"rendered":"https:\/\/www.kraps.de\/mentions-legales\/"},"modified":"2025-08-07T12:42:40","modified_gmt":"2025-08-07T12:42:40","slug":"mentions-legales","status":"publish","type":"page","link":"https:\/\/www.kraps.de\/fr\/mentions-legales\/","title":{"rendered":"Mentions l\u00e9gales"},"content":{"rendered":"<p>Informations conformes au \u00a7 5 de la loi sur les t\u00e9l\u00e9m\u00e9dias :<\/p>\n<p>Kraps Montagen, Rohr-, Stahl- und Kesselbau GmbH<br \/>\nGehrstra\u00dfe 15<br \/>\n46562 Voerde<br \/>\nAllemagne<\/p>\n<p>Repr\u00e9sent\u00e9 par :<br \/>\nAlexander Kraps, Constantin Zimmek, Valerie Zimmek<\/p>\n<p><strong>Contact<\/strong><br \/>\nT\u00e9l\u00e9phone : +49 (0) 281 4422 0<br \/>\nT\u00e9l\u00e9copie : +49 (0) 281 467 41<br \/>\nE-mail : <a href=\"mailto:info@kraps.de\" target=\"_blank\" rel=\"noopener noreferrer\">info@kraps.de<\/a><\/p>\n<p><strong>Inscription au registre<\/strong><br \/>\nInscription au registre du commerce<br \/>\nTribunal d&rsquo;enregistrement : AG Duisburg<br \/>\nNum\u00e9ro d&rsquo;enregistrement : 8 HRB 9654<\/p>\n<p>Num\u00e9ro d&rsquo;identification fiscale : 101\/5810\/0296<\/p>\n<p>Conception, design et programmation : flame GmbH, Munich <a href=\"https:\/\/www.hello-flame.com\/\" target=\"_blank\" rel=\"noopener noreferrer\">www.hello-flame.com<\/a><\/p>\n<p><strong>Clause de non-responsabilit\u00e9<\/strong><br \/>\nLe contenu de nos pages a \u00e9t\u00e9 r\u00e9dig\u00e9 avec le plus grand soin. Nous ne pouvons cependant pas garantir l&rsquo;exactitude, l&rsquo;exhaustivit\u00e9 et l&rsquo;actualit\u00e9 des contenus. En tant que prestataire de services, nous sommes responsables, conform\u00e9ment au \u00a7 7 alin\u00e9a 1 de la loi allemande sur les t\u00e9l\u00e9m\u00e9dias (TMG), de nos propres contenus sur ces pages selon les lois g\u00e9n\u00e9rales. Conform\u00e9ment aux \u00a7\u00a7 8 \u00e0 10 de la TMG, nous ne sommes toutefois pas tenus, en tant que prestataire de services, de surveiller les informations externes transmises ou enregistr\u00e9es ou de rechercher les circonstances qui indiquent une activit\u00e9 ill\u00e9gale. L&rsquo;obligation de supprimer ou de bloquer l&rsquo;utilisation d&rsquo;informations conform\u00e9ment aux lois g\u00e9n\u00e9rales reste inchang\u00e9e. Une responsabilit\u00e9 \u00e0 cet \u00e9gard n&rsquo;est toutefois possible qu&rsquo;\u00e0 partir du moment o\u00f9 une violation concr\u00e8te de la loi est connue. D\u00e8s la prise de connaissance d&rsquo;une telle violation, nous supprimerons imm\u00e9diatement le contenu en question.       <\/p>\n<p><strong>Responsabilit\u00e9 pour les liens<\/strong><br \/>\nNotre offre contient des liens vers des sites Web externes de tiers, sur le contenu desquels nous n&rsquo;avons aucune influence. Nous ne pouvons donc pas nous porter garants de ces contenus externes. Le fournisseur ou l&rsquo;exploitant des pages li\u00e9es est toujours responsable du contenu de ces pages. Les pages li\u00e9es ont \u00e9t\u00e9 v\u00e9rifi\u00e9es au moment de la cr\u00e9ation du lien afin de s&rsquo;assurer qu&rsquo;elles n&rsquo;enfreignaient pas la loi. Aucun contenu ill\u00e9gal n&rsquo;a \u00e9t\u00e9 identifi\u00e9 au moment de la cr\u00e9ation du lien. Un contr\u00f4le permanent du contenu des pages li\u00e9es n&rsquo;est cependant pas exigible sans indices concrets d&rsquo;une violation de la loi. Si nous prenons connaissance de violations de la loi, nous supprimerons imm\u00e9diatement les liens en question.      <\/p>\n<p><strong>Droit d&rsquo;auteur<\/strong><br \/>\nLes contenus et les \u0153uvres cr\u00e9\u00e9s par les exploitants des pages de ce site sont soumis au droit d&rsquo;auteur allemand. La reproduction, le traitement, la diffusion et toute forme d&rsquo;exploitation en dehors des limites du droit d&rsquo;auteur n\u00e9cessitent l&rsquo;accord \u00e9crit de l&rsquo;auteur ou du cr\u00e9ateur concern\u00e9. Les t\u00e9l\u00e9chargements et les copies de ce site ne sont autoris\u00e9s que pour un usage priv\u00e9 et non commercial. Dans la mesure o\u00f9 les contenus de ce site n&rsquo;ont pas \u00e9t\u00e9 cr\u00e9\u00e9s par l&rsquo;exploitant, les droits d&rsquo;auteur de tiers sont respect\u00e9s. En particulier, les contenus de tiers sont identifi\u00e9s comme tels. Si vous deviez n\u00e9anmoins constater une violation des droits d&rsquo;auteur, nous vous prions de nous en informer. D\u00e8s que nous aurons connaissance d&rsquo;une violation de la loi, nous supprimerons imm\u00e9diatement le contenu en question.      <\/p>\n","protected":false},"excerpt":{"rendered":"<p>Informations conformes au \u00a7 5 de la loi sur les  [&#8230;]<\/p>\n","protected":false},"author":1,"featured_media":0,"parent":0,"menu_order":0,"comment_status":"closed","ping_status":"closed","template":"","meta":{"_acf_changed":false,"footnotes":""},"class_list":["post-2668","page","type-page","status-publish","hentry"],"acf":[],"_links":{"self":[{"href":"https:\/\/www.kraps.de\/fr\/wp-json\/wp\/v2\/pages\/2668","targetHints":{"allow":["GET"]}}],"collection":[{"href":"https:\/\/www.kraps.de\/fr\/wp-json\/wp\/v2\/pages"}],"about":[{"href":"https:\/\/www.kraps.de\/fr\/wp-json\/wp\/v2\/types\/page"}],"author":[{"embeddable":true,"href":"https:\/\/www.kraps.de\/fr\/wp-json\/wp\/v2\/users\/1"}],"replies":[{"embeddable":true,"href":"https:\/\/www.kraps.de\/fr\/wp-json\/wp\/v2\/comments?post=2668"}],"version-history":[{"count":0,"href":"https:\/\/www.kraps.de\/fr\/wp-json\/wp\/v2\/pages\/2668\/revisions"}],"wp:attachment":[{"href":"https:\/\/www.kraps.de\/fr\/wp-json\/wp\/v2\/media?parent=2668"}],"curies":[{"name":"wp","href":"https:\/\/api.w.org\/{rel}","templated":true}]}}