{"id":2672,"date":"2025-03-14T10:18:31","date_gmt":"2025-03-14T10:18:31","guid":{"rendered":"https:\/\/www.kraps.de\/impronta\/"},"modified":"2025-08-07T12:42:42","modified_gmt":"2025-08-07T12:42:42","slug":"impronta","status":"publish","type":"page","link":"https:\/\/www.kraps.de\/it\/impronta\/","title":{"rendered":"Impronta"},"content":{"rendered":"<p>Informazioni ai sensi del \u00a7 5 TMG:<\/p>\n<p>Kraps Montagen, Rohr-, Stahl- und Kesselbau GmbH<br \/>\nGehrstra\u00dfe 15<br \/>\n46562 Voerde<br \/>\nGermania<\/p>\n<p>Rappresentato da:<br \/>\nAlexander Kraps, Constantin Zimmek, Valerie Zimmek<\/p>\n<p><strong>Contatti<\/strong><br \/>\nTelefono: +49 (0) 281 4422 0<br \/>\nFax: +49 (0) 281 467 41<br \/>\nE-mail: <a href=\"mailto:info@kraps.de\" target=\"_blank\" rel=\"noopener noreferrer\">info@kraps.de<\/a><\/p>\n<p><strong>Iscrizione nel registro<\/strong><br \/>\nIscrizione nel registro delle imprese<br \/>\nTribunale: AG Duisburg<br \/>\nNumero di registro: 8 HRB 9654<\/p>\n<p>Codice fiscale: 101\/5810\/0296<\/p>\n<p>Concetto, design e programmazione: flame GmbH, Monaco <a href=\"https:\/\/www.hello-flame.com\/\" target=\"_blank\" rel=\"noopener noreferrer\">www.hello-flame.com<\/a><\/p>\n<p><strong>Disclaimer<\/strong><br \/>\nI contenuti del nostro sito web sono stati creati con la massima cura. Tuttavia, non possiamo assumerci alcuna responsabilit\u00e0 per l&#8217;accuratezza, la completezza e l&#8217;attualit\u00e0 dei contenuti. In qualit\u00e0 di fornitore di servizi, siamo responsabili dei nostri contenuti su queste pagine ai sensi del \u00a7 7 comma 1 TMG (legge tedesca sui media telematici) e delle leggi generali. Ai sensi dei \u00a7\u00a7 8-10 TMG, tuttavia, in qualit\u00e0 di fornitore di servizi non siamo obbligati a monitorare le informazioni trasmesse o memorizzate da terzi o a indagare su circostanze che indicano un&#8217;attivit\u00e0 illegale. Gli obblighi di rimuovere o bloccare l&#8217;uso delle informazioni in conformit\u00e0 alla legislazione generale rimangono inalterati. Tuttavia, la responsabilit\u00e0 in questo senso \u00e8 possibile solo dal momento in cui si viene a conoscenza di una specifica violazione. Non appena verremo a conoscenza di tali violazioni, rimuoveremo immediatamente i contenuti.       <\/p>\n<p><strong>Responsabilit\u00e0 per i link<\/strong><br \/>\nIl nostro sito web contiene link a siti web esterni di terzi sui cui contenuti non abbiamo alcuna influenza. Pertanto, non possiamo assumerci alcuna responsabilit\u00e0 per questi contenuti di terzi. Il rispettivo fornitore o gestore delle pagine \u00e8 sempre responsabile del contenuto delle pagine collegate. Le pagine collegate sono state controllate per verificare la presenza di eventuali violazioni legali al momento del collegamento. I contenuti illegali non sono stati individuati al momento del collegamento. Tuttavia, il monitoraggio permanente del contenuto delle pagine collegate non \u00e8 ragionevole in assenza di prove concrete di una violazione. Se dovessimo venire a conoscenza di eventuali violazioni legali, rimuoveremo immediatamente tali link.      <\/p>\n<p><strong>Copyright<\/strong><br \/>\nI contenuti e le opere create dagli operatori del sito in queste pagine sono soggetti alla legge tedesca sul copyright. La riproduzione, la modifica, la distribuzione e qualsiasi tipo di utilizzo al di fuori dei limiti della legge sul copyright richiedono il consenso scritto del rispettivo autore o creatore. I download e le copie di questo sito sono consentiti solo per uso privato e non commerciale. Nella misura in cui i contenuti di questo sito non sono stati creati dall&#8217;operatore, vengono rispettati i diritti d&#8217;autore di terzi. In particolare, i contenuti di terzi sono contrassegnati come tali. Se tuttavia dovessi venire a conoscenza di una violazione del copyright, ti preghiamo di informarci di conseguenza. Qualora venissimo a conoscenza di violazioni, rimuoveremo immediatamente tali contenuti.      <\/p>\n","protected":false},"excerpt":{"rendered":"<p>Informazioni ai sensi del \u00a7 5 TMG: Kraps Montagen, Rohr-,  [&#8230;]<\/p>\n","protected":false},"author":1,"featured_media":0,"parent":0,"menu_order":0,"comment_status":"closed","ping_status":"closed","template":"","meta":{"_acf_changed":false,"footnotes":""},"class_list":["post-2672","page","type-page","status-publish","hentry"],"acf":[],"_links":{"self":[{"href":"https:\/\/www.kraps.de\/it\/wp-json\/wp\/v2\/pages\/2672","targetHints":{"allow":["GET"]}}],"collection":[{"href":"https:\/\/www.kraps.de\/it\/wp-json\/wp\/v2\/pages"}],"about":[{"href":"https:\/\/www.kraps.de\/it\/wp-json\/wp\/v2\/types\/page"}],"author":[{"embeddable":true,"href":"https:\/\/www.kraps.de\/it\/wp-json\/wp\/v2\/users\/1"}],"replies":[{"embeddable":true,"href":"https:\/\/www.kraps.de\/it\/wp-json\/wp\/v2\/comments?post=2672"}],"version-history":[{"count":0,"href":"https:\/\/www.kraps.de\/it\/wp-json\/wp\/v2\/pages\/2672\/revisions"}],"wp:attachment":[{"href":"https:\/\/www.kraps.de\/it\/wp-json\/wp\/v2\/media?parent=2672"}],"curies":[{"name":"wp","href":"https:\/\/api.w.org\/{rel}","templated":true}]}}