{"id":2665,"date":"2025-03-14T10:18:31","date_gmt":"2025-03-14T10:18:31","guid":{"rendered":"https:\/\/www.kraps.de\/nadruk\/"},"modified":"2025-08-07T12:42:37","modified_gmt":"2025-08-07T12:42:37","slug":"nadruk","status":"publish","type":"page","link":"https:\/\/www.kraps.de\/pl\/nadruk\/","title":{"rendered":"Nadruk"},"content":{"rendered":"<p>Informacje zgodnie z \u00a7 5 TMG:<\/p>\n<p>Kraps Montagen, Rohr-, Stahl- und Kesselbau GmbH<br \/>\nGehrstra\u00dfe 15<br \/>\n46562 Voerde<br \/>\nNiemcy<\/p>\n<p>Reprezentowani przez:<br \/>\nAlexander Kraps, Constantin Zimmek, Valerie Zimmek<\/p>\n<p><strong>Kontakt<\/strong><br \/>\nTelefon: +49 (0) 281 4422 0<br \/>\nFaks: +49 (0) 281 467 41<br \/>\nE-mail: <a href=\"mailto:info@kraps.de\" target=\"_blank\" rel=\"noopener noreferrer\">info@kraps.de<\/a><\/p>\n<p><strong>Wpis do rejestru<\/strong><br \/>\nWpis do rejestru handlowego<br \/>\nS\u0105d rejestrowy: AG Duisburg<br \/>\nNumer rejestru: 8 HRB 9654<\/p>\n<p>Numer podatkowy: 101\/5810\/0296<\/p>\n<p>Koncepcja, projekt i programowanie: flame GmbH, Monachium <a href=\"https:\/\/www.hello-flame.com\/\" target=\"_blank\" rel=\"noopener noreferrer\">www.hello-flame.com<\/a><\/p>\n<p><strong>Wy\u0142\u0105czenie odpowiedzialno\u015bci<\/strong><br \/>\nZawarto\u015b\u0107 naszej strony internetowej zosta\u0142a opracowana z najwy\u017csz\u0105 staranno\u015bci\u0105. Nie mo\u017cemy jednak przyj\u0105\u0107 \u017cadnej odpowiedzialno\u015bci za dok\u0142adno\u015b\u0107, kompletno\u015b\u0107 i aktualno\u015b\u0107 tre\u015bci. Jako dostawca us\u0142ug jeste\u015bmy odpowiedzialni za w\u0142asne tre\u015bci na tych stronach zgodnie z \u00a7 7 ust. 1 TMG (niemiecka ustawa o telemediach) i og\u00f3lnymi przepisami prawa. Zgodnie z \u00a7\u00a7 8 do 10 TMG, jako us\u0142ugodawca nie jeste\u015bmy jednak zobowi\u0105zani do monitorowania przesy\u0142anych lub przechowywanych informacji os\u00f3b trzecich ani do badania okoliczno\u015bci wskazuj\u0105cych na nielegaln\u0105 dzia\u0142alno\u015b\u0107. Nie ma to wp\u0142ywu na obowi\u0105zek usuni\u0119cia lub zablokowania korzystania z informacji zgodnie z og\u00f3lnymi przepisami prawa. Odpowiedzialno\u015b\u0107 w tym zakresie jest jednak mo\u017cliwa dopiero od momentu powzi\u0119cia informacji o konkretnym naruszeniu. Gdy tylko dowiemy si\u0119 o takich naruszeniach, niezw\u0142ocznie usuniemy te tre\u015bci.       <\/p>\n<p><strong>Odpowiedzialno\u015b\u0107 za linki<\/strong><br \/>\nNasza strona internetowa zawiera linki do zewn\u0119trznych stron internetowych os\u00f3b trzecich, na kt\u00f3rych tre\u015b\u0107 nie mamy wp\u0142ywu. W zwi\u0105zku z tym nie mo\u017cemy ponosi\u0107 \u017cadnej odpowiedzialno\u015bci za tre\u015bci stron trzecich. Odpowiedni dostawca lub operator stron jest zawsze odpowiedzialny za tre\u015b\u0107 stron, do kt\u00f3rych prowadz\u0105 linki. Po\u0142\u0105czone strony zosta\u0142y sprawdzone pod k\u0105tem mo\u017cliwych narusze\u0144 prawa w momencie \u0142\u0105czenia. Nielegalne tre\u015bci nie zosta\u0142y rozpoznane w momencie linkowania. Sta\u0142e monitorowanie tre\u015bci stron, do kt\u00f3rych prowadz\u0105 linki, nie jest jednak uzasadnione bez konkretnych dowod\u00f3w naruszenia prawa. Je\u015bli dowiemy si\u0119 o jakichkolwiek naruszeniach prawa, natychmiast usuniemy takie linki.      <\/p>\n<p><strong>Prawa autorskie<\/strong><br \/>\nTre\u015bci i dzie\u0142a stworzone przez operator\u00f3w witryn na tych stronach podlegaj\u0105 niemieckiemu prawu autorskiemu. Powielanie, edytowanie, rozpowszechnianie i wszelkiego rodzaju wykorzystywanie poza granicami prawa autorskiego wymaga pisemnej zgody odpowiedniego autora lub tw\u00f3rcy. Pobieranie i kopiowanie tej strony jest dozwolone wy\u0142\u0105cznie do prywatnego, niekomercyjnego u\u017cytku. O ile tre\u015bci na tej stronie nie zosta\u0142y stworzone przez operatora, prawa autorskie os\u00f3b trzecich s\u0105 przestrzegane. W szczeg\u00f3lno\u015bci tre\u015bci os\u00f3b trzecich s\u0105 oznaczone jako takie. Je\u015bli mimo to dowiesz si\u0119 o naruszeniu praw autorskich, poinformuj nas o tym. Je\u015bli dowiemy si\u0119 o jakichkolwiek naruszeniach, niezw\u0142ocznie usuniemy takie tre\u015bci.      <\/p>\n","protected":false},"excerpt":{"rendered":"<p>Informacje zgodnie z \u00a7 5 TMG: Kraps Montagen, Rohr-, Stahl-  [&#8230;]<\/p>\n","protected":false},"author":1,"featured_media":0,"parent":0,"menu_order":0,"comment_status":"closed","ping_status":"closed","template":"","meta":{"_acf_changed":false,"footnotes":""},"class_list":["post-2665","page","type-page","status-publish","hentry"],"acf":[],"_links":{"self":[{"href":"https:\/\/www.kraps.de\/pl\/wp-json\/wp\/v2\/pages\/2665","targetHints":{"allow":["GET"]}}],"collection":[{"href":"https:\/\/www.kraps.de\/pl\/wp-json\/wp\/v2\/pages"}],"about":[{"href":"https:\/\/www.kraps.de\/pl\/wp-json\/wp\/v2\/types\/page"}],"author":[{"embeddable":true,"href":"https:\/\/www.kraps.de\/pl\/wp-json\/wp\/v2\/users\/1"}],"replies":[{"embeddable":true,"href":"https:\/\/www.kraps.de\/pl\/wp-json\/wp\/v2\/comments?post=2665"}],"version-history":[{"count":0,"href":"https:\/\/www.kraps.de\/pl\/wp-json\/wp\/v2\/pages\/2665\/revisions"}],"wp:attachment":[{"href":"https:\/\/www.kraps.de\/pl\/wp-json\/wp\/v2\/media?parent=2665"}],"curies":[{"name":"wp","href":"https:\/\/api.w.org\/{rel}","templated":true}]}}